{"id":2777,"date":"2024-12-27T08:31:54","date_gmt":"2024-12-27T07:31:54","guid":{"rendered":"https:\/\/www.hotelfedora.it\/bikehotel\/?page_id=2777"},"modified":"2024-12-27T08:58:04","modified_gmt":"2024-12-27T07:58:04","slug":"a-riccione-sul-mare","status":"publish","type":"page","link":"https:\/\/www.hotelfedora.it\/bikehotel\/a-riccione-sul-mare\/","title":{"rendered":"Come raggiungere il Fedora Bike Hotel di Riccione"},"content":{"rendered":"<p><span style=\"font-weight: 400;\">Organizzare il tuo viaggio verso il <\/span><b>Bike Hotel Fedora di Riccione<\/b><span style=\"font-weight: 400;\"> \u00e8 semplice e soprattutto comodo.<br \/>\nSegui i nostri consigli per raggiungerci e iniziare la tua vacanza bike!<\/span><\/p>\n<h3><span style=\"font-weight: 400;\">IN MACCHINA:\u00a0<\/span><\/h3>\n<p><span style=\"font-weight: 400;\">Se viaggi in auto, puoi percorrere l\u2019<\/span><b>autostrada A14 Bologna-Ancona<\/b><span style=\"font-weight: 400;\">, e uscire direttamente al <\/span><b>Casello di Riccione<\/b><span style=\"font-weight: 400;\">. Ti basteranno poi altri soli 15 minuti di macchina per arrivare in hotel. Qui trovi anche un <\/span><b>ampio parcheggio privato<\/b><span style=\"font-weight: 400;\">; ricorda per\u00f2, di <\/span><b>richiedere il tuo posto auto con anticipo!<\/b><\/p>\n<h3><span style=\"font-weight: 400;\">IN TRENO:\u00a0<\/span><\/h3>\n<p><span style=\"font-weight: 400;\">Grazie alla<\/span><b> linea ferroviaria Bologna-Ancona<\/b><span style=\"font-weight: 400;\">, puoi raggiungere velocemente la stazione di Riccione, con<\/span><b> treni Regionali <\/b><span style=\"font-weight: 400;\">e<\/span><b> Freccia<\/b><span style=\"font-weight: 400;\">. Dalle<\/span><b> stazioni<\/b><span style=\"font-weight: 400;\"> di<\/span><b> Riccione<\/b><span style=\"font-weight: 400;\"> o<\/span><b> Rimini<\/b><span style=\"font-weight: 400;\">, potrai poi utilizzare il<\/span><b> servizio Metromare<\/b><span style=\"font-weight: 400;\">: scendi alla fermata <\/span><b><i>D\u2019Annunzio Nord<\/i><\/b><span style=\"font-weight: 400;\">, e in soli 10 minuti a piedi arrivi all&#8217;Hotel Fedora.<br \/>\nOppure richiedere il servizio navetta dell&#8217;hotel.<br \/>\n<\/span><\/p>\n<h3><span style=\"font-weight: 400;\">IN AEREO:<\/span><\/h3>\n<p><span style=\"font-weight: 400;\">L\u2019Hotel Bike Fedora \u00e8 ben collegato con i<\/span><b> principali aeroporti <\/b><span style=\"font-weight: 400;\">della zona:<\/span><\/p>\n<ul>\n<li style=\"font-weight: 400;\" aria-level=\"1\"><b>Aeroporto di Rimini Miramare<\/b><span style=\"font-weight: 400;\">: a soli 2,5 km dall\u2019hotel, 4 minuti d\u2019auto. \u00c8 possibile anche utilizzare il servizio Metromare dalla fermata <\/span><i><span style=\"font-weight: 400;\">Miramare Airport<\/span><\/i><span style=\"font-weight: 400;\"> e scendendo alla fermata <\/span><i><span style=\"font-weight: 400;\">D\u2019Annunzio Nord<\/span><\/i><span style=\"font-weight: 400;\">;\u00a0<\/span><\/li>\n<li style=\"font-weight: 400;\" aria-level=\"1\"><b>Aeroporto di Forl\u00ec<\/b><span style=\"font-weight: 400;\"> (40 km);<\/span><\/li>\n<li style=\"font-weight: 400;\" aria-level=\"1\"><b>Aeroporto di Ancona Falconara<\/b><span style=\"font-weight: 400;\"> (90 km);<\/span><\/li>\n<li style=\"font-weight: 400;\" aria-level=\"1\"><b>Aeroporto di Bologna<\/b><span style=\"font-weight: 400;\"> (130 km).<\/span><\/li>\n<\/ul>\n<h3><strong>NOVIT\u00c0!<\/strong><\/h3>\n<p><span style=\"font-weight: 400;\">Da aprile a ottobre, voli diretti collegano Rimini a diverse citt\u00e0 europee, tra cui<\/span><b><br \/>\n<\/b><b>Londra Gatwick<\/b><span style=\"font-weight: 400;\"> (EasyJet dal 16 aprile al 22 ottobre, il Mercoled\u00ec e la Domenica)<br \/>\n<\/span><b>Londra Heathrow <\/b><span style=\"font-weight: 400;\">(British Airways dal 15 maggio al 27 settembre il Luned\u00ec, Gioved\u00ec, Venerd\u00ec)<br \/>\ne <\/span><b>Basilea<\/b><span style=\"font-weight: 400;\"> (EasyJet dal 16 aprile al 22 ottobre, il Mercoled\u00ec e la Domenica).\u00a0<\/span><\/p>\n<p><span style=\"text-decoration: underline;\"><span style=\"font-weight: 400;\">Per un arrivo ancora pi\u00f9 comodo, offriamo un<\/span><b> servizio di trasferimento diretto<\/b><\/span><span style=\"font-weight: 400;\"><span style=\"text-decoration: underline;\"> dall\u2019aeroporto all\u2019hotel <\/span><em><span style=\"text-decoration: underline;\">(da richie<\/span>dere con anticipo).<\/em><\/span><\/p>\n<p><b>Qualunque sia il tuo punto di partenza, siamo qui per rendere il tuo arrivo all\u2019Hotel Bike Fedora il pi\u00f9 semplice possibile<\/b><span style=\"font-weight: 400;\">. Per ulteriori informazioni o per richiedere assistenza,<\/span><b> contattaci:<\/b><span style=\"font-weight: 400;\"> saremo felici di aiutarti a organizzare il tuo viaggio!<\/span><\/p>\n","protected":false},"excerpt":{"rendered":"<p>Organizzare il tuo viaggio verso il Bike Hotel Fedora di Riccione \u00e8 semplice e soprattutto comodo. Segui i nostri consigli per raggiungerci e iniziare la tua vacanza bike! IN MACCHINA:\u00a0 Se viaggi in auto, puoi percorrere l\u2019autostrada A14 Bologna-Ancona, e uscire direttamente al Casello di Riccione. Ti basteranno poi altri soli 15 minuti di macchina [&hellip;]<\/p>\n","protected":false},"author":5,"featured_media":0,"parent":0,"menu_order":0,"comment_status":"closed","ping_status":"closed","template":"","meta":{"_acf_changed":false},"class_list":["post-2777","page","type-page","status-publish","hentry"],"acf":[],"aioseo_notices":[],"_links":{"self":[{"href":"https:\/\/www.hotelfedora.it\/bikehotel\/wp-json\/wp\/v2\/pages\/2777","targetHints":{"allow":["GET"]}}],"collection":[{"href":"https:\/\/www.hotelfedora.it\/bikehotel\/wp-json\/wp\/v2\/pages"}],"about":[{"href":"https:\/\/www.hotelfedora.it\/bikehotel\/wp-json\/wp\/v2\/types\/page"}],"author":[{"embeddable":true,"href":"https:\/\/www.hotelfedora.it\/bikehotel\/wp-json\/wp\/v2\/users\/5"}],"replies":[{"embeddable":true,"href":"https:\/\/www.hotelfedora.it\/bikehotel\/wp-json\/wp\/v2\/comments?post=2777"}],"version-history":[{"count":0,"href":"https:\/\/www.hotelfedora.it\/bikehotel\/wp-json\/wp\/v2\/pages\/2777\/revisions"}],"wp:attachment":[{"href":"https:\/\/www.hotelfedora.it\/bikehotel\/wp-json\/wp\/v2\/media?parent=2777"}],"curies":[{"name":"wp","href":"https:\/\/api.w.org\/{rel}","templated":true}]}}