{"id":667,"date":"2016-01-21T10:58:39","date_gmt":"2016-01-21T09:58:39","guid":{"rendered":"https:\/\/www.hotelfedora.it\/bikehotel\/fr\/noleggio-biciclette\/"},"modified":"2022-08-18T14:50:29","modified_gmt":"2022-08-18T12:50:29","slug":"location-des-velos","status":"publish","type":"page","link":"https:\/\/www.hotelfedora.it\/bikehotel\/fr\/location-des-velos\/","title":{"rendered":"Location des v\u00e9los"},"content":{"rendered":"<p>Remplissez le formulaire ci-dessous pour r\u00e9server votre v\u00e9lo en ligne<\/p>\n<script type=\"text\/javascript\">\n\/* <![CDATA[ *\/\nvar gform;gform||(document.addEventListener(\"gform_main_scripts_loaded\",function(){gform.scriptsLoaded=!0}),document.addEventListener(\"gform\/theme\/scripts_loaded\",function(){gform.themeScriptsLoaded=!0}),window.addEventListener(\"DOMContentLoaded\",function(){gform.domLoaded=!0}),gform={domLoaded:!1,scriptsLoaded:!1,themeScriptsLoaded:!1,isFormEditor:()=>\"function\"==typeof InitializeEditor,callIfLoaded:function(o){return!(!gform.domLoaded||!gform.scriptsLoaded||!gform.themeScriptsLoaded&&!gform.isFormEditor()||(gform.isFormEditor()&&console.warn(\"The use of gform.initializeOnLoaded() is deprecated in the form editor context and will be removed in Gravity Forms 3.1.\"),o(),0))},initializeOnLoaded:function(o){gform.callIfLoaded(o)||(document.addEventListener(\"gform_main_scripts_loaded\",()=>{gform.scriptsLoaded=!0,gform.callIfLoaded(o)}),document.addEventListener(\"gform\/theme\/scripts_loaded\",()=>{gform.themeScriptsLoaded=!0,gform.callIfLoaded(o)}),window.addEventListener(\"DOMContentLoaded\",()=>{gform.domLoaded=!0,gform.callIfLoaded(o)}))},hooks:{action:{},filter:{}},addAction:function(o,r,e,t){gform.addHook(\"action\",o,r,e,t)},addFilter:function(o,r,e,t){gform.addHook(\"filter\",o,r,e,t)},doAction:function(o){gform.doHook(\"action\",o,arguments)},applyFilters:function(o){return gform.doHook(\"filter\",o,arguments)},removeAction:function(o,r){gform.removeHook(\"action\",o,r)},removeFilter:function(o,r,e){gform.removeHook(\"filter\",o,r,e)},addHook:function(o,r,e,t,n){null==gform.hooks[o][r]&&(gform.hooks[o][r]=[]);var d=gform.hooks[o][r];null==n&&(n=r+\"_\"+d.length),gform.hooks[o][r].push({tag:n,callable:e,priority:t=null==t?10:t})},doHook:function(r,o,e){var t;if(e=Array.prototype.slice.call(e,1),null!=gform.hooks[r][o]&&((o=gform.hooks[r][o]).sort(function(o,r){return o.priority-r.priority}),o.forEach(function(o){\"function\"!=typeof(t=o.callable)&&(t=window[t]),\"action\"==r?t.apply(null,e):e[0]=t.apply(null,e)})),\"filter\"==r)return e[0]},removeHook:function(o,r,t,n){var e;null!=gform.hooks[o][r]&&(e=(e=gform.hooks[o][r]).filter(function(o,r,e){return!!(null!=n&&n!=o.tag||null!=t&&t!=o.priority)}),gform.hooks[o][r]=e)}});\n\/* ]]> *\/\n<\/script>\n\n                <div class='gf_browser_gecko gform_wrapper gravity-theme gform-theme--no-framework defaultForm_wrapper' data-form-theme='gravity-theme' data-form-index='0' id='gform_wrapper_9' >\n                        <div class='gform_heading'>\n\t\t\t\t\t\t\t<p class='gform_required_legend'>\u00ab\u00a0<span class=\"gfield_required gfield_required_asterisk\">*<\/span>\u00a0\u00bb indique les champs n\u00e9cessaires<\/p>\n                        <\/div><form method='post' enctype='multipart\/form-data'  id='gform_9' class='defaultForm' action='\/bikehotel\/fr\/wp-json\/wp\/v2\/pages\/667' data-formid='9' novalidate>\n                        <div class='gform-body gform_body'><div id='gform_fields_9' class='gform_fields top_label form_sublabel_below description_below validation_below'><div id=\"field_9_34\" class=\"gfield gfield--type-honeypot gform_validation_container field_sublabel_below gfield--has-description field_description_below field_validation_below gfield_visibility_visible\"  ><label class='gfield_label gform-field-label' for='input_9_34'>X\/Twitter<\/label><div class='ginput_container'><input name='input_34' id='input_9_34' type='text' value='' autocomplete='new-password'\/><\/div><div class='gfield_description' id='gfield_description_9_34'>Ce champ est destin\u00e9 \u00e0 des fins de validation et doit rester inchang\u00e9.<\/div><\/div><div id=\"field_9_20\" class=\"gfield gfield--type-section gfield--input-type-section gsection gfieldTitle gfieldClear field_sublabel_below gfield--no-description field_description_below field_validation_below gfield_visibility_visible\"  ><h3 class=\"gsection_title\">Biodata<\/h3><\/div><div id=\"field_9_1\" class=\"gfield gfield--type-text gfield--input-type-text gfield50 gfieldLeft gfield_contains_required field_sublabel_below gfield--no-description field_description_below field_validation_below gfield_visibility_visible\"  ><label class='gfield_label gform-field-label' for='input_9_1'>Nom<span class=\"gfield_required\"><span class=\"gfield_required gfield_required_asterisk\">*<\/span><\/span><\/label><div class='ginput_container ginput_container_text'><input name='input_1' id='input_9_1' type='text' value='' class='medium'     aria-required=\"true\" aria-invalid=\"false\"   \/><\/div><\/div><div id=\"field_9_16\" class=\"gfield gfield--type-text gfield--input-type-text gfield50 gfieldRight field_sublabel_below gfield--no-description field_description_below field_validation_below gfield_visibility_visible\"  ><label class='gfield_label gform-field-label' for='input_9_16'>Nom de famille\r\n<\/label><div class='ginput_container ginput_container_text'><input name='input_16' id='input_9_16' type='text' value='' class='medium'      aria-invalid=\"false\"   \/><\/div><\/div><div id=\"field_9_12\" class=\"gfield gfield--type-email gfield--input-type-email gfield50 gfieldLeft gfieldClear gfield_contains_required field_sublabel_below gfield--no-description field_description_below field_validation_below gfield_visibility_visible\"  ><label class='gfield_label gform-field-label' for='input_9_12'>Email<span class=\"gfield_required\"><span class=\"gfield_required gfield_required_asterisk\">*<\/span><\/span><\/label><div class='ginput_container ginput_container_email'>\n                            <input name='input_12' id='input_9_12' type='email' value='' class='medium'    aria-required=\"true\" aria-invalid=\"false\"  \/>\n                        <\/div><\/div><div id=\"field_9_17\" class=\"gfield gfield--type-text gfield--input-type-text gfield50 gfieldRight field_sublabel_below gfield--no-description field_description_below field_validation_below gfield_visibility_visible\"  ><label class='gfield_label gform-field-label' for='input_9_17'>Num\u00e9ro de t\u00e9l\u00e9phone\r\n<\/label><div class='ginput_container ginput_container_text'><input name='input_17' id='input_9_17' type='text' value='' class='medium'      aria-invalid=\"false\"   \/><\/div><\/div><div id=\"field_9_21\" class=\"gfield gfield--type-section gfield--input-type-section gsection gfieldTitle gfieldClear field_sublabel_below gfield--no-description field_description_below field_validation_below gfield_visibility_visible\"  ><h3 class=\"gsection_title\">P\u00e9riode de location et les donn\u00e9es techniques\r\n<\/h3><\/div><div id=\"field_9_18\" class=\"gfield gfield--type-text gfield--input-type-text pickadate-container gfield33 gfieldLeft gfield_contains_required field_sublabel_below gfield--no-description field_description_below field_validation_below gfield_visibility_visible\"  ><label class='gfield_label gform-field-label' for='input_9_18'>Arriv\u00e9e<span class=\"gfield_required\"><span class=\"gfield_required gfield_required_asterisk\">*<\/span><\/span><\/label><div class='ginput_container ginput_container_text'><input name='input_18' id='input_9_18' type='text' value='' class='medium'     aria-required=\"true\" aria-invalid=\"false\"   \/><\/div><\/div><div id=\"field_9_19\" class=\"gfield gfield--type-text gfield--input-type-text pickadate-container gfield33 gfieldCenter gfield_contains_required field_sublabel_below gfield--no-description field_description_below field_validation_below gfield_visibility_visible\"  ><label class='gfield_label gform-field-label' for='input_9_19'>D\u00e9part<span class=\"gfield_required\"><span class=\"gfield_required gfield_required_asterisk\">*<\/span><\/span><\/label><div class='ginput_container ginput_container_text'><input name='input_19' id='input_9_19' type='text' value='' class='medium'     aria-required=\"true\" aria-invalid=\"false\"   \/><\/div><\/div><div id=\"field_9_22\" class=\"gfield gfield--type-text gfield--input-type-text gfield33 gfieldLeft gfieldClear gfield_contains_required field_sublabel_below gfield--no-description field_description_below field_validation_below gfield_visibility_visible\"  ><label class='gfield_label gform-field-label' for='input_9_22'>mesure A<span class=\"gfield_required\"><span class=\"gfield_required gfield_required_asterisk\">*<\/span><\/span><\/label><div class='ginput_container ginput_container_text'><input name='input_22' id='input_9_22' type='text' value='' class='medium'     aria-required=\"true\" aria-invalid=\"false\"   \/><\/div><\/div><div id=\"field_9_23\" class=\"gfield gfield--type-text gfield--input-type-text gfield33 gfieldCenter gfield_contains_required field_sublabel_below gfield--no-description field_description_below field_validation_below gfield_visibility_visible\"  ><label class='gfield_label gform-field-label' for='input_9_23'>mesure B<span class=\"gfield_required\"><span class=\"gfield_required gfield_required_asterisk\">*<\/span><\/span><\/label><div class='ginput_container ginput_container_text'><input name='input_23' id='input_9_23' type='text' value='' class='medium'     aria-required=\"true\" aria-invalid=\"false\"   \/><\/div><\/div><div id=\"field_9_24\" class=\"gfield gfield--type-html gfield--input-type-html gfield_html gfield_html_formatted gfield_no_follows_desc field_sublabel_below gfield--no-description field_description_below field_validation_below gfield_visibility_visible\"  ><div style=\"text-align:right;\"><img decoding=\"async\" src=\"https:\/\/www.hotelfedora.it\/bikehotel\/wp-content\/uploads\/2016\/05\/misure-AB.png\" \/><\/div><\/div><div id=\"field_9_10\" class=\"gfield gfield--type-textarea gfield--input-type-textarea gfieldClear gfield_contains_required field_sublabel_below gfield--no-description field_description_below field_validation_below gfield_visibility_visible\"  ><label class='gfield_label gform-field-label' for='input_9_10'>Remarques<span class=\"gfield_required\"><span class=\"gfield_required gfield_required_asterisk\">*<\/span><\/span><\/label><div class='ginput_container ginput_container_textarea'><textarea name='input_10' id='input_9_10' class='textarea medium'     aria-required=\"true\" aria-invalid=\"false\"   rows='10' cols='50'><\/textarea><\/div><\/div><fieldset id=\"field_9_25\" class=\"gfield gfield--type-checkbox gfield--type-choice gfield--input-type-checkbox gfieldClear gfield_contains_required field_sublabel_below gfield--no-description field_description_above field_validation_below gfield_visibility_visible\"  ><legend class='gfield_label gform-field-label gfield_label_before_complex' >S\u00e9lectionnez le type de v\u00e9lo que vous souhaitez louer :<span class=\"gfield_required\"><span class=\"gfield_required gfield_required_asterisk\">*<\/span><\/span><\/legend><div class='ginput_container ginput_container_checkbox'><div class='gfield_checkbox ' id='input_9_25'><div class='gchoice gchoice_9_25_1'>\n\t\t\t\t\t\t\t\t<input class='gfield-choice-input' name='input_25.1' type='checkbox'  value='ROAD BIKE DISC DI2'  id='choice_9_25_1'   \/>\n\t\t\t\t\t\t\t\t<label for='choice_9_25_1' id='label_9_25_1' class='gform-field-label gform-field-label--type-inline'>1. ROAD BIKE DISC DI2<\/label>\n\t\t\t\t\t\t\t<\/div><div class='gchoice gchoice_9_25_2'>\n\t\t\t\t\t\t\t\t<input class='gfield-choice-input' name='input_25.2' type='checkbox'  value='ROAD BIKE DISC'  id='choice_9_25_2'   \/>\n\t\t\t\t\t\t\t\t<label for='choice_9_25_2' id='label_9_25_2' class='gform-field-label gform-field-label--type-inline'>2. ROAD BIKE DISC<\/label>\n\t\t\t\t\t\t\t<\/div><div class='gchoice gchoice_9_25_3'>\n\t\t\t\t\t\t\t\t<input class='gfield-choice-input' name='input_25.3' type='checkbox'  value='SUPERIOR CARBON BIKE'  id='choice_9_25_3'   \/>\n\t\t\t\t\t\t\t\t<label for='choice_9_25_3' id='label_9_25_3' class='gform-field-label gform-field-label--type-inline'>3. SUPERIOR CARBON BIKE<\/label>\n\t\t\t\t\t\t\t<\/div><div class='gchoice gchoice_9_25_4'>\n\t\t\t\t\t\t\t\t<input class='gfield-choice-input' name='input_25.4' type='checkbox'  value='BICI ELETTRICA DA CORSA\/GRAVEL'  id='choice_9_25_4'   \/>\n\t\t\t\t\t\t\t\t<label for='choice_9_25_4' id='label_9_25_4' class='gform-field-label gform-field-label--type-inline'>5. BICI ELETTRICA DA CORSA\/GRAVEL<\/label>\n\t\t\t\t\t\t\t<\/div><\/div><\/div><\/fieldset><div id=\"field_9_26\" class=\"gfield gfield--type-html gfield--input-type-html gfieldClear gfield_html gfield_html_formatted gfield_no_follows_desc field_sublabel_below gfield--no-description field_description_below field_validation_below gfield_visibility_visible\"  ><div  class=\"gfieldTitle\"><h2 class=\"gsection_title\">ROAD BIKE DISC DI2<\/h2><\/div>\n<table>\t\t\t\t\t\t\t\n<tbody><tr>\n<th>CH\u00c2SSIS<\/th>\n<th>GROUPE<\/th>\n<th>P\u00c9DALIER<\/th>\n<th>PRIX DE LA SEMAINE**<\/th>\n<\/tr>\n<tr>\n<td>-<\/td>\n<td>Shimano DI2 with disc brakes<\/td>\n<td>Compact<\/td>\n<td>297 \u20ac<\/td>\n<\/tr>\n<\/tbody><\/table><\/div><div id=\"field_9_27\" class=\"gfield gfield--type-html gfield--input-type-html gfieldClear gfield_html gfield_html_formatted gfield_no_follows_desc field_sublabel_below gfield--no-description field_description_below field_validation_below gfield_visibility_visible\"  ><div  class=\"gfieldTitle\"><h2 class=\"gsection_title\">ROAD BIKE DISC<\/h2><\/div>\n<table>\t\t\t\t\t\t\t\n<tbody><tr>\n<th>CH\u00c2SSIS<\/th>\n<th>GROUPE<\/th>\n<th>P\u00c9DALIER<\/th>\n<th>PRIX DE LA SEMAINE**<\/th>\n<\/tr>\n<tr>\n<td>-<\/td>\n<td>Shimano with disc brakes<\/td>\n<td>Compact<\/td>\n<td>288 \u20ac<\/td>\n<\/tr>\n<\/tbody><\/table><\/div><div id=\"field_9_28\" class=\"gfield gfield--type-html gfield--input-type-html gfieldClear gfield_html gfield_html_formatted gfield_no_follows_desc field_sublabel_below gfield--no-description field_description_below field_validation_below gfield_visibility_visible\"  ><div  class=\"gfieldTitle\"><h2 class=\"gsection_title\">SUPERIOR CARBON BIKE<\/h2><\/div>\n<table>\t\t\t\t\t\t\t\n<tbody><tr>\n<th>CH\u00c2SSIS<\/th>\n<th>GROUPE<\/th>\n<th>P\u00c9DALIER<\/th>\n<th>PRIX DE LA SEMAINE**<\/th>\n<\/tr>\n<tr>\n<td>Carbon<\/td>\n<td>Shimano ultegra 11V<\/td>\n<td>Compact<\/td>\n<td>190 \u20ac<\/td>\n<\/tr>\n<\/tbody><\/table><\/div><div id=\"field_9_33\" class=\"gfield gfield--type-html gfield--input-type-html gfield--width-full gfieldClear gfield_html gfield_html_formatted gfield_no_follows_desc field_sublabel_below gfield--no-description field_description_below field_validation_below gfield_visibility_visible\"  ><div  class=\"gfieldTitle\"><h2 class=\"gsection_title\">GRAVEL\/ELECTRIC ROAD BIKE\/GRAVEL<\/h2><\/div>\n<table>\t\t\t\t\t\t\t\n<tbody><tr>\n<th>CH\u00c2SSIS<\/th>\n<th>GROUPE<\/th>\n<th>P\u00c9DALIER<\/th>\n<th>PRIX DE LA SEMAINE**<\/th>\n<\/tr>\n<tr>\n<td>-<\/td>\n<td>gearbox 11V central motor 500Wh battery<\/td>\n<td>Compact<\/td>\n<td>330 \u20ac<\/td>\n<\/tr>\n<\/tbody><\/table><\/div><div id=\"field_9_30\" class=\"gfield gfield--type-html gfield--input-type-html gfield_html gfield_html_formatted gfield_no_follows_desc field_sublabel_below gfield--no-description field_description_below field_validation_below gfield_visibility_visible\"  >Tous les cycles mentionn\u00e9s ci-dessus sont \u00e9quip\u00e9s d' un kit de r\u00e9paration . <br>\r\n** Comprend l'assurance et de la livraison et de ramassage \u00e0 l'h\u00f4tel\r\n<\/div><fieldset id=\"field_9_11\" class=\"gfield gfield--type-checkbox gfield--type-choice gfield--input-type-checkbox privacy gfield_contains_required field_sublabel_below gfield--has-description field_description_below field_validation_below gfield_visibility_visible\"  ><legend class='gfield_label gform-field-label gfield_label_before_complex' >Politique de confidentialit\u00e9 \r\n<span class=\"gfield_required\"><span class=\"gfield_required gfield_required_asterisk\">*<\/span><\/span><\/legend><div class='ginput_container ginput_container_checkbox'><div class='gfield_checkbox ' id='input_9_11'><div class='gchoice gchoice_9_11_1'>\n\t\t\t\t\t\t\t\t<input class='gfield-choice-input' name='input_11.1' type='checkbox'  value='Politique de confidentialit\u00e9 *\r\n'  id='choice_9_11_1'   aria-describedby=\"gfield_description_9_11\"\/>\n\t\t\t\t\t\t\t\t<label for='choice_9_11_1' id='label_9_11_1' class='gform-field-label gform-field-label--type-inline'>Politique de confidentialit\u00e9 *\r\n<\/label>\n\t\t\t\t\t\t\t<\/div><\/div><\/div><div class='gfield_description' id='gfield_description_9_11'><a href=\"https:\/\/www.hotelfedora.it\/fr\/privacy-policy\/\" target=\"_blank\">J'accepte les Conditions d'utilisation et Politique de confidentialit\u00e9<\/a><\/div><\/fieldset><div id=\"field_9_14\" class=\"gfield gfield--type-html gfield--input-type-html gfield_html gfield_html_formatted field_sublabel_below gfield--no-description field_description_below field_validation_below gfield_visibility_visible\"  ><input type=\"hidden\" name=\"track-form-event\" class=\"track-form-event\" value=\"richiesta informazioni\"><\/div><div id=\"field_9_15\" class=\"gfield gfield--type-hidden gfield--input-type-hidden gform_hidden field_sublabel_below gfield--no-description field_description_below field_validation_below gfield_visibility_visible\"  ><div class='ginput_container ginput_container_text'><input name='input_15' id='input_9_15' type='hidden' class='gform_hidden'  aria-invalid=\"false\" value='fr' \/><\/div><\/div><\/div><\/div>\n        <div class='gform-footer gform_footer top_label'> <button class='gform_button' id='gform_submit_button_9'><span>Envoyer la demande\r\n<\/span><\/button> \n            <input type='hidden' class='gform_hidden' name='gform_submission_method' data-js='gform_submission_method_9' value='postback' \/>\n            <input type='hidden' class='gform_hidden' name='gform_theme' data-js='gform_theme_9' id='gform_theme_9' value='gravity-theme' \/>\n            <input type='hidden' class='gform_hidden' name='gform_style_settings' data-js='gform_style_settings_9' id='gform_style_settings_9' value='[]' \/>\n            <input type='hidden' class='gform_hidden' name='is_submit_9' value='1' \/>\n            <input type='hidden' class='gform_hidden' name='gform_submit' value='9' \/>\n            \n            <input type='hidden' class='gform_hidden' name='gform_unique_id' value='' \/>\n            <input type='hidden' class='gform_hidden' name='state_9' value='WyJbXSIsImEzMjc1ZjVjZjI1ODRlNmM2NDhhZWM2ZGVlMDFhNTQ3Il0=' \/>\n            <input type='hidden' autocomplete='off' class='gform_hidden' name='gform_target_page_number_9' id='gform_target_page_number_9' value='0' \/>\n            <input type='hidden' autocomplete='off' class='gform_hidden' name='gform_source_page_number_9' id='gform_source_page_number_9' value='1' \/>\n            <input type='hidden' name='gform_field_values' value='lingua=fr' \/>\n            \n        <\/div>\n                        <\/form>\n                        <\/div><script type=\"text\/javascript\">\n\/* <![CDATA[ *\/\n gform.initializeOnLoaded( function() {gformInitSpinner( 9, 'https:\/\/www.hotelfedora.it\/bikehotel\/wp-content\/plugins\/gravityforms\/images\/spinner.svg', true );jQuery('#gform_ajax_frame_9').on('load',function(){var contents = jQuery(this).contents().find('*').html();var is_postback = contents.indexOf('GF_AJAX_POSTBACK') >= 0;if(!is_postback){return;}var form_content = jQuery(this).contents().find('#gform_wrapper_9');var is_confirmation = jQuery(this).contents().find('#gform_confirmation_wrapper_9').length > 0;var is_redirect = contents.indexOf('gformRedirect(){') >= 0;var is_form = form_content.length > 0 && ! is_redirect && ! is_confirmation;var mt = parseInt(jQuery('html').css('margin-top'), 10) + parseInt(jQuery('body').css('margin-top'), 10) + 100;if(is_form){jQuery('#gform_wrapper_9').html(form_content.html());if(form_content.hasClass('gform_validation_error')){jQuery('#gform_wrapper_9').addClass('gform_validation_error');} else {jQuery('#gform_wrapper_9').removeClass('gform_validation_error');}setTimeout( function() { \/* delay the scroll by 50 milliseconds to fix a bug in chrome *\/  }, 50 );if(window['gformInitDatepicker']) {gformInitDatepicker();}if(window['gformInitPriceFields']) {gformInitPriceFields();}var current_page = jQuery('#gform_source_page_number_9').val();gformInitSpinner( 9, 'https:\/\/www.hotelfedora.it\/bikehotel\/wp-content\/plugins\/gravityforms\/images\/spinner.svg', true );jQuery(document).trigger('gform_page_loaded', [9, current_page]);window['gf_submitting_9'] = false;}else if(!is_redirect){var confirmation_content = jQuery(this).contents().find('.GF_AJAX_POSTBACK').html();if(!confirmation_content){confirmation_content = contents;}jQuery('#gform_wrapper_9').replaceWith(confirmation_content);jQuery(document).trigger('gform_confirmation_loaded', [9]);window['gf_submitting_9'] = false;wp.a11y.speak(jQuery('#gform_confirmation_message_9').text());}else{jQuery('#gform_9').append(contents);if(window['gformRedirect']) {gformRedirect();}}jQuery(document).trigger(\"gform_pre_post_render\", [{ formId: \"9\", currentPage: \"current_page\", abort: function() { this.preventDefault(); } }]);        if (event && event.defaultPrevented) {                return;        }        const gformWrapperDiv = document.getElementById( \"gform_wrapper_9\" );        if ( gformWrapperDiv ) {            const visibilitySpan = document.createElement( \"span\" );            visibilitySpan.id = \"gform_visibility_test_9\";            gformWrapperDiv.insertAdjacentElement( \"afterend\", visibilitySpan );        }        const visibilityTestDiv = document.getElementById( \"gform_visibility_test_9\" );        let postRenderFired = false;        function triggerPostRender() {            if ( postRenderFired ) {                return;            }            postRenderFired = true;            gform.core.triggerPostRenderEvents( 9, current_page );            if ( visibilityTestDiv ) {                visibilityTestDiv.parentNode.removeChild( visibilityTestDiv );            }        }        function debounce( func, wait, immediate ) {            var timeout;            return function() {                var context = this, args = arguments;                var later = function() {                    timeout = null;                    if ( !immediate ) func.apply( context, args );                };                var callNow = immediate && !timeout;                clearTimeout( timeout );                timeout = setTimeout( later, wait );                if ( callNow ) func.apply( context, args );            };        }        const debouncedTriggerPostRender = debounce( function() {            triggerPostRender();        }, 200 );        if ( visibilityTestDiv && visibilityTestDiv.offsetParent === null ) {            const observer = new MutationObserver( ( mutations ) => {                mutations.forEach( ( mutation ) => {                    if ( mutation.type === 'attributes' && visibilityTestDiv.offsetParent !== null ) {                        debouncedTriggerPostRender();                        observer.disconnect();                    }                });            });            observer.observe( document.body, {                attributes: true,                childList: false,                subtree: true,                attributeFilter: [ 'style', 'class' ],            });        } else {            triggerPostRender();        }    } );} ); \n\/* ]]> *\/\n<\/script>\n\n","protected":false},"excerpt":{"rendered":"<p>Remplissez le formulaire ci-dessous pour r\u00e9server votre v\u00e9lo en ligne<\/p>\n","protected":false},"author":5,"featured_media":0,"parent":0,"menu_order":10,"comment_status":"closed","ping_status":"closed","template":"","meta":{"_acf_changed":false},"class_list":["post-667","page","type-page","status-publish","hentry"],"acf":[],"aioseo_notices":[],"_links":{"self":[{"href":"https:\/\/www.hotelfedora.it\/bikehotel\/fr\/wp-json\/wp\/v2\/pages\/667","targetHints":{"allow":["GET"]}}],"collection":[{"href":"https:\/\/www.hotelfedora.it\/bikehotel\/fr\/wp-json\/wp\/v2\/pages"}],"about":[{"href":"https:\/\/www.hotelfedora.it\/bikehotel\/fr\/wp-json\/wp\/v2\/types\/page"}],"author":[{"embeddable":true,"href":"https:\/\/www.hotelfedora.it\/bikehotel\/fr\/wp-json\/wp\/v2\/users\/5"}],"replies":[{"embeddable":true,"href":"https:\/\/www.hotelfedora.it\/bikehotel\/fr\/wp-json\/wp\/v2\/comments?post=667"}],"version-history":[{"count":0,"href":"https:\/\/www.hotelfedora.it\/bikehotel\/fr\/wp-json\/wp\/v2\/pages\/667\/revisions"}],"wp:attachment":[{"href":"https:\/\/www.hotelfedora.it\/bikehotel\/fr\/wp-json\/wp\/v2\/media?parent=667"}],"curies":[{"name":"wp","href":"https:\/\/api.w.org\/{rel}","templated":true}]}}